{"id":1926,"date":"2026-04-16T17:08:41","date_gmt":"2026-04-16T23:08:41","guid":{"rendered":"https:\/\/falcolatino.com\/?page_id=1926"},"modified":"2026-04-16T17:53:23","modified_gmt":"2026-04-16T23:53:23","slug":"registro-expo-pack-mexico-2026","status":"publish","type":"page","link":"https:\/\/falcolatino.com\/en\/registro-expo-pack-mexico-2026\/","title":{"rendered":"Registro Expo Pack M\u00e9xico 2026"},"content":{"rendered":"\t\t<div data-elementor-type=\"wp-page\" data-elementor-id=\"1926\" class=\"elementor elementor-1926\" data-elementor-post-type=\"page\">\n\t\t\t\t<div class=\"elementor-element elementor-element-e83c912 e-flex e-con-boxed e-con e-parent\" data-id=\"e83c912\" data-element_type=\"container\" data-e-type=\"container\">\n\t\t\t\t\t<div class=\"e-con-inner\">\n\t\t<div class=\"elementor-element elementor-element-e850b01 e-con-full e-flex e-con e-child\" data-id=\"e850b01\" data-element_type=\"container\" data-e-type=\"container\">\n\t\t\t\t<div class=\"elementor-element elementor-element-e43808a elementor-widget elementor-widget-image\" data-id=\"e43808a\" data-element_type=\"widget\" data-e-type=\"widget\" data-widget_type=\"image.default\">\n\t\t\t\t\t\t\t\t\t\t\t\t\t\t\t<img fetchpriority=\"high\" decoding=\"async\" width=\"624\" height=\"764\" src=\"https:\/\/falcolatino.com\/wp-content\/uploads\/2026\/04\/Expo-pack.webp\" class=\"attachment-large size-large wp-image-1934\" alt=\"\" srcset=\"https:\/\/falcolatino.com\/wp-content\/uploads\/2026\/04\/Expo-pack.webp 624w, https:\/\/falcolatino.com\/wp-content\/uploads\/2026\/04\/Expo-pack-245x300.webp 245w, https:\/\/falcolatino.com\/wp-content\/uploads\/2026\/04\/Expo-pack-10x12.webp 10w\" sizes=\"(max-width: 624px) 100vw, 624px\" \/>\t\t\t\t\t\t\t\t\t\t\t\t\t\t\t<\/div>\n\t\t\t\t<div class=\"elementor-element elementor-element-68e148c elementor-widget elementor-widget-image\" data-id=\"68e148c\" data-element_type=\"widget\" data-e-type=\"widget\" data-widget_type=\"image.default\">\n\t\t\t\t\t\t\t\t\t\t\t\t\t\t\t<img decoding=\"async\" width=\"357\" height=\"84\" src=\"https:\/\/falcolatino.com\/wp-content\/uploads\/2026\/04\/67d3b5c58720cac85b5bdd08_Date-ES-MX26.webp\" class=\"attachment-large size-large wp-image-1935\" alt=\"\" srcset=\"https:\/\/falcolatino.com\/wp-content\/uploads\/2026\/04\/67d3b5c58720cac85b5bdd08_Date-ES-MX26.webp 357w, https:\/\/falcolatino.com\/wp-content\/uploads\/2026\/04\/67d3b5c58720cac85b5bdd08_Date-ES-MX26-300x71.webp 300w, https:\/\/falcolatino.com\/wp-content\/uploads\/2026\/04\/67d3b5c58720cac85b5bdd08_Date-ES-MX26-18x4.webp 18w\" sizes=\"(max-width: 357px) 100vw, 357px\" \/>\t\t\t\t\t\t\t\t\t\t\t\t\t\t\t<\/div>\n\t\t\t\t<\/div>\n\t\t<div class=\"elementor-element elementor-element-bcf6248 e-con-full e-flex e-con e-child\" data-id=\"bcf6248\" data-element_type=\"container\" data-e-type=\"container\">\n\t\t\t\t<div class=\"elementor-element elementor-element-37d841a elementor-widget elementor-widget-heading\" data-id=\"37d841a\" data-element_type=\"widget\" data-e-type=\"widget\" data-widget_type=\"heading.default\">\n\t\t\t\t\t<h2 class=\"elementor-heading-title elementor-size-default\">Complete el formulario y reciba un c\u00f3digo de regalo para acceder a Expo Pack M\u00e9xico 2026.<\/h2>\t\t\t\t<\/div>\n\t\t\t\t<div class=\"elementor-element elementor-element-89a0f59 elementor-widget-mobile__width-auto elementor-button-align-stretch elementor-widget elementor-widget-form\" data-id=\"89a0f59\" data-element_type=\"widget\" data-e-type=\"widget\" data-settings=\"{&quot;step_next_label&quot;:&quot;Siguiente&quot;,&quot;step_previous_label&quot;:&quot;Anterior&quot;,&quot;button_width&quot;:&quot;100&quot;,&quot;step_type&quot;:&quot;number_text&quot;,&quot;step_icon_shape&quot;:&quot;circle&quot;}\" data-widget_type=\"form.default\">\n\t\t\t\t\t\t\t<form class=\"elementor-form\" method=\"post\" id=\"expopack\" name=\"Formulario Expo Pack\" aria-label=\"Formulario Expo Pack\">\n\t\t\t<input type=\"hidden\" name=\"post_id\" value=\"1926\"\/>\n\t\t\t<input type=\"hidden\" name=\"form_id\" value=\"89a0f59\"\/>\n\t\t\t<input type=\"hidden\" name=\"referer_title\" value=\"Registro Expo Pack M\u00e9xico 2026 | Falco\" \/>\n\n\t\t\t\t\t\t\t<input type=\"hidden\" name=\"queried_id\" value=\"1926\"\/>\n\t\t\t\n\t\t\t<div class=\"elementor-form-fields-wrapper elementor-labels-above\">\n\t\t\t\t\t\t\t\t<div class=\"elementor-field-type-text elementor-field-group elementor-column elementor-field-group-nombre elementor-col-100 elementor-field-required elementor-mark-required\">\n\t\t\t\t\t\t\t\t\t\t\t\t<label for=\"form-field-nombre\" class=\"elementor-field-label\">\n\t\t\t\t\t\t\t\tNombre \t\t\t\t\t\t\t<\/label>\n\t\t\t\t\t\t\t\t\t\t\t\t\t\t<input size=\"1\" type=\"text\" name=\"form_fields[nombre]\" id=\"form-field-nombre\" class=\"elementor-field elementor-size-sm  elementor-field-textual\" placeholder=\"Nombre\" required=\"required\">\n\t\t\t\t\t\t\t\t\t\t\t<\/div>\n\t\t\t\t\t\t\t\t<div class=\"elementor-field-type-text elementor-field-group elementor-column elementor-field-group-empresa elementor-col-100 elementor-field-required elementor-mark-required\">\n\t\t\t\t\t\t\t\t\t\t\t\t<label for=\"form-field-empresa\" class=\"elementor-field-label\">\n\t\t\t\t\t\t\t\tEmpresa\t\t\t\t\t\t\t<\/label>\n\t\t\t\t\t\t\t\t\t\t\t\t\t\t<input size=\"1\" type=\"text\" name=\"form_fields[empresa]\" id=\"form-field-empresa\" class=\"elementor-field elementor-size-sm  elementor-field-textual\" placeholder=\"Empresa\" required=\"required\">\n\t\t\t\t\t\t\t\t\t\t\t<\/div>\n\t\t\t\t\t\t\t\t<div class=\"elementor-field-type-text elementor-field-group elementor-column elementor-field-group-telefono elementor-col-50 elementor-field-required elementor-mark-required\">\n\t\t\t\t\t\t\t\t\t\t\t\t<label for=\"form-field-telefono\" class=\"elementor-field-label\">\n\t\t\t\t\t\t\t\tTel\u00e9fono\t\t\t\t\t\t\t<\/label>\n\t\t\t\t\t\t\t\t\t\t\t\t\t\t<input size=\"1\" type=\"text\" name=\"form_fields[telefono]\" id=\"form-field-telefono\" class=\"elementor-field elementor-size-sm  elementor-field-textual\" placeholder=\"Tel\u00e9fono\" required=\"required\">\n\t\t\t\t\t\t\t\t\t\t\t<\/div>\n\t\t\t\t\t\t\t\t<div class=\"elementor-field-type-email elementor-field-group elementor-column elementor-field-group-email elementor-col-50 elementor-field-required elementor-mark-required\">\n\t\t\t\t\t\t\t\t\t\t\t\t<label for=\"form-field-email\" class=\"elementor-field-label\">\n\t\t\t\t\t\t\t\tCorreo electr\u00f3nico\t\t\t\t\t\t\t<\/label>\n\t\t\t\t\t\t\t\t\t\t\t\t\t\t<input size=\"1\" type=\"email\" name=\"form_fields[email]\" id=\"form-field-email\" class=\"elementor-field elementor-size-sm  elementor-field-textual\" placeholder=\"Correo electr\u00f3nico\" required=\"required\">\n\t\t\t\t\t\t\t\t\t\t\t<\/div>\n\t\t\t\t\t\t\t\t<div class=\"elementor-field-type-recaptcha elementor-field-group elementor-column elementor-field-group-recaptcha elementor-col-100\">\n\t\t\t\t\t<div class=\"elementor-field\" id=\"form-field-recaptcha\"><div class=\"elementor-g-recaptcha\" data-sitekey=\"6Lc8OY0rAAAAAFaOkOdHSw0kk7N9LClMDAxb7IsD\" data-type=\"v2_checkbox\" data-theme=\"light\" data-size=\"normal\"><\/div><\/div>\t\t\t\t<\/div>\n\t\t\t\t\t\t\t\t<div class=\"elementor-field-group elementor-column elementor-field-type-submit elementor-col-100 e-form__buttons\">\n\t\t\t\t\t<button class=\"elementor-button elementor-size-sm\" type=\"submit\" id=\"registro\">\n\t\t\t\t\t\t<span class=\"elementor-button-content-wrapper\">\n\t\t\t\t\t\t\t\t\t\t\t\t\t\t\t\t\t\t\t\t\t\t<span class=\"elementor-button-text\">Obtener c\u00f3digo<\/span>\n\t\t\t\t\t\t\t\t\t\t\t\t\t<\/span>\n\t\t\t\t\t<\/button>\n\t\t\t\t<\/div>\n\t\t\t<\/div>\n\t\t<\/form>\n\t\t\t\t\t\t<\/div>\n\t\t\t\t<\/div>\n\t\t\t\t\t<\/div>\n\t\t\t\t<\/div>\n\t\t\t\t<\/div>\n\t\t","protected":false},"excerpt":{"rendered":"<p>Complete el formulario y reciba un c\u00f3digo de regalo para acceder a Expo Pack M\u00e9xico 2026.<\/p>","protected":false},"author":2,"featured_media":0,"parent":0,"menu_order":0,"comment_status":"closed","ping_status":"closed","template":"elementor_header_footer","meta":{"site-sidebar-layout":"no-sidebar","site-content-layout":"","ast-site-content-layout":"full-width-container","site-content-style":"default","site-sidebar-style":"default","ast-global-header-display":"","ast-banner-title-visibility":"","ast-main-header-display":"","ast-hfb-above-header-display":"","ast-hfb-below-header-display":"","ast-hfb-mobile-header-display":"","site-post-title":"","ast-breadcrumbs-content":"","ast-featured-img":"disabled","footer-sml-layout":"","ast-disable-related-posts":"","theme-transparent-header-meta":"","adv-header-id-meta":"","stick-header-meta":"","header-above-stick-meta":"","header-main-stick-meta":"","header-below-stick-meta":"","astra-migrate-meta-layouts":"default","ast-page-background-enabled":"default","ast-page-background-meta":{"desktop":{"background-color":"var(--ast-global-color-5)","background-image":"","background-repeat":"repeat","background-position":"center center","background-size":"auto","background-attachment":"scroll","background-type":"","background-media":"","overlay-type":"","overlay-color":"","overlay-opacity":"","overlay-gradient":""},"tablet":{"background-color":"","background-image":"","background-repeat":"repeat","background-position":"center center","background-size":"auto","background-attachment":"scroll","background-type":"","background-media":"","overlay-type":"","overlay-color":"","overlay-opacity":"","overlay-gradient":""},"mobile":{"background-color":"","background-image":"","background-repeat":"repeat","background-position":"center center","background-size":"auto","background-attachment":"scroll","background-type":"","background-media":"","overlay-type":"","overlay-color":"","overlay-opacity":"","overlay-gradient":""}},"ast-content-background-meta":{"desktop":{"background-color":"var(--ast-global-color-4)","background-image":"","background-repeat":"repeat","background-position":"center center","background-size":"auto","background-attachment":"scroll","background-type":"","background-media":"","overlay-type":"","overlay-color":"","overlay-opacity":"","overlay-gradient":""},"tablet":{"background-color":"var(--ast-global-color-4)","background-image":"","background-repeat":"repeat","background-position":"center center","background-size":"auto","background-attachment":"scroll","background-type":"","background-media":"","overlay-type":"","overlay-color":"","overlay-opacity":"","overlay-gradient":""},"mobile":{"background-color":"var(--ast-global-color-4)","background-image":"","background-repeat":"repeat","background-position":"center center","background-size":"auto","background-attachment":"scroll","background-type":"","background-media":"","overlay-type":"","overlay-color":"","overlay-opacity":"","overlay-gradient":""}},"footnotes":""},"class_list":["post-1926","page","type-page","status-publish","hentry"],"yoast_head":"<!-- This site is optimized with the Yoast SEO plugin v27.4 - https:\/\/yoast.com\/product\/yoast-seo-wordpress\/ -->\n<title>Registro Expo Pack M\u00e9xico 2026 | Falco<\/title>\n<meta name=\"robots\" content=\"noindex, follow\" \/>\n<meta property=\"og:locale\" content=\"en_US\" \/>\n<meta property=\"og:type\" content=\"article\" \/>\n<meta property=\"og:title\" content=\"Registro Expo Pack M\u00e9xico 2026 | Falco\" \/>\n<meta property=\"og:description\" content=\"Complete el formulario y reciba un c\u00f3digo de regalo para acceder a Expo Pack M\u00e9xico 2026.\" \/>\n<meta property=\"og:url\" content=\"https:\/\/falcolatino.com\/en\/registro-expo-pack-mexico-2026\/\" \/>\n<meta property=\"og:site_name\" content=\"Falco\" \/>\n<meta property=\"article:modified_time\" content=\"2026-04-16T23:53:23+00:00\" \/>\n<meta property=\"og:image\" content=\"https:\/\/falcolatino.com\/wp-content\/uploads\/2026\/04\/Expo-pack.webp\" \/>\n\t<meta property=\"og:image:width\" content=\"624\" \/>\n\t<meta property=\"og:image:height\" content=\"764\" \/>\n\t<meta property=\"og:image:type\" content=\"image\/webp\" \/>\n<meta name=\"twitter:card\" content=\"summary_large_image\" \/>\n<meta name=\"twitter:label1\" content=\"Est. reading time\" \/>\n\t<meta name=\"twitter:data1\" content=\"1 minute\" \/>\n<script type=\"application\/ld+json\" class=\"yoast-schema-graph\">{\"@context\":\"https:\\\/\\\/schema.org\",\"@graph\":[{\"@type\":\"WebPage\",\"@id\":\"https:\\\/\\\/falcolatino.com\\\/registro-expo-pack-mexico-2026\\\/\",\"url\":\"https:\\\/\\\/falcolatino.com\\\/registro-expo-pack-mexico-2026\\\/\",\"name\":\"Registro Expo Pack M\u00e9xico 2026 | Falco\",\"isPartOf\":{\"@id\":\"https:\\\/\\\/falcolatino.com\\\/#website\"},\"primaryImageOfPage\":{\"@id\":\"https:\\\/\\\/falcolatino.com\\\/registro-expo-pack-mexico-2026\\\/#primaryimage\"},\"image\":{\"@id\":\"https:\\\/\\\/falcolatino.com\\\/registro-expo-pack-mexico-2026\\\/#primaryimage\"},\"thumbnailUrl\":\"https:\\\/\\\/falcolatino.com\\\/wp-content\\\/uploads\\\/2026\\\/04\\\/Expo-pack.webp\",\"datePublished\":\"2026-04-16T23:08:41+00:00\",\"dateModified\":\"2026-04-16T23:53:23+00:00\",\"breadcrumb\":{\"@id\":\"https:\\\/\\\/falcolatino.com\\\/registro-expo-pack-mexico-2026\\\/#breadcrumb\"},\"inLanguage\":\"en-US\",\"potentialAction\":[{\"@type\":\"ReadAction\",\"target\":[\"https:\\\/\\\/falcolatino.com\\\/registro-expo-pack-mexico-2026\\\/\"]}]},{\"@type\":\"ImageObject\",\"inLanguage\":\"en-US\",\"@id\":\"https:\\\/\\\/falcolatino.com\\\/registro-expo-pack-mexico-2026\\\/#primaryimage\",\"url\":\"https:\\\/\\\/falcolatino.com\\\/wp-content\\\/uploads\\\/2026\\\/04\\\/Expo-pack.webp\",\"contentUrl\":\"https:\\\/\\\/falcolatino.com\\\/wp-content\\\/uploads\\\/2026\\\/04\\\/Expo-pack.webp\"},{\"@type\":\"BreadcrumbList\",\"@id\":\"https:\\\/\\\/falcolatino.com\\\/registro-expo-pack-mexico-2026\\\/#breadcrumb\",\"itemListElement\":[{\"@type\":\"ListItem\",\"position\":1,\"name\":\"Portada\",\"item\":\"https:\\\/\\\/falcolatino.com\\\/\"},{\"@type\":\"ListItem\",\"position\":2,\"name\":\"Registro Expo Pack M\u00e9xico 2026\"}]},{\"@type\":\"WebSite\",\"@id\":\"https:\\\/\\\/falcolatino.com\\\/#website\",\"url\":\"https:\\\/\\\/falcolatino.com\\\/\",\"name\":\"Falco Latinoamericana\",\"description\":\"Excelencia industrial\",\"publisher\":{\"@id\":\"https:\\\/\\\/falcolatino.com\\\/#organization\"},\"alternateName\":\"Falco\",\"potentialAction\":[{\"@type\":\"SearchAction\",\"target\":{\"@type\":\"EntryPoint\",\"urlTemplate\":\"https:\\\/\\\/falcolatino.com\\\/?s={search_term_string}\"},\"query-input\":{\"@type\":\"PropertyValueSpecification\",\"valueRequired\":true,\"valueName\":\"search_term_string\"}}],\"inLanguage\":\"en-US\"},{\"@type\":\"Organization\",\"@id\":\"https:\\\/\\\/falcolatino.com\\\/#organization\",\"name\":\"Falco Latinoamericana S.A de C.V.\",\"alternateName\":\"Falco\",\"url\":\"https:\\\/\\\/falcolatino.com\\\/\",\"logo\":{\"@type\":\"ImageObject\",\"inLanguage\":\"en-US\",\"@id\":\"https:\\\/\\\/falcolatino.com\\\/#\\\/schema\\\/logo\\\/image\\\/\",\"url\":\"https:\\\/\\\/falcolatino.com\\\/wp-content\\\/uploads\\\/2025\\\/07\\\/Logo-falco-scaled.png\",\"contentUrl\":\"https:\\\/\\\/falcolatino.com\\\/wp-content\\\/uploads\\\/2025\\\/07\\\/Logo-falco-scaled.png\",\"width\":2560,\"height\":414,\"caption\":\"Falco Latinoamericana S.A de C.V.\"},\"image\":{\"@id\":\"https:\\\/\\\/falcolatino.com\\\/#\\\/schema\\\/logo\\\/image\\\/\"},\"sameAs\":[\"https:\\\/\\\/mx.linkedin.com\\\/company\\\/falco-latinoamericana-sa-de-cv\"]}]}<\/script>\n<!-- \/ Yoast SEO plugin. -->","yoast_head_json":{"title":"Registro Expo Pack M\u00e9xico 2026 | Falco","robots":{"index":"noindex","follow":"follow"},"og_locale":"en_US","og_type":"article","og_title":"Registro Expo Pack M\u00e9xico 2026 | Falco","og_description":"Complete el formulario y reciba un c\u00f3digo de regalo para acceder a Expo Pack M\u00e9xico 2026.","og_url":"https:\/\/falcolatino.com\/en\/registro-expo-pack-mexico-2026\/","og_site_name":"Falco","article_modified_time":"2026-04-16T23:53:23+00:00","og_image":[{"width":624,"height":764,"url":"https:\/\/falcolatino.com\/wp-content\/uploads\/2026\/04\/Expo-pack.webp","type":"image\/webp"}],"twitter_card":"summary_large_image","twitter_misc":{"Est. reading time":"1 minute"},"schema":{"@context":"https:\/\/schema.org","@graph":[{"@type":"WebPage","@id":"https:\/\/falcolatino.com\/registro-expo-pack-mexico-2026\/","url":"https:\/\/falcolatino.com\/registro-expo-pack-mexico-2026\/","name":"Registro Expo Pack M\u00e9xico 2026 | Falco","isPartOf":{"@id":"https:\/\/falcolatino.com\/#website"},"primaryImageOfPage":{"@id":"https:\/\/falcolatino.com\/registro-expo-pack-mexico-2026\/#primaryimage"},"image":{"@id":"https:\/\/falcolatino.com\/registro-expo-pack-mexico-2026\/#primaryimage"},"thumbnailUrl":"https:\/\/falcolatino.com\/wp-content\/uploads\/2026\/04\/Expo-pack.webp","datePublished":"2026-04-16T23:08:41+00:00","dateModified":"2026-04-16T23:53:23+00:00","breadcrumb":{"@id":"https:\/\/falcolatino.com\/registro-expo-pack-mexico-2026\/#breadcrumb"},"inLanguage":"en-US","potentialAction":[{"@type":"ReadAction","target":["https:\/\/falcolatino.com\/registro-expo-pack-mexico-2026\/"]}]},{"@type":"ImageObject","inLanguage":"en-US","@id":"https:\/\/falcolatino.com\/registro-expo-pack-mexico-2026\/#primaryimage","url":"https:\/\/falcolatino.com\/wp-content\/uploads\/2026\/04\/Expo-pack.webp","contentUrl":"https:\/\/falcolatino.com\/wp-content\/uploads\/2026\/04\/Expo-pack.webp"},{"@type":"BreadcrumbList","@id":"https:\/\/falcolatino.com\/registro-expo-pack-mexico-2026\/#breadcrumb","itemListElement":[{"@type":"ListItem","position":1,"name":"Portada","item":"https:\/\/falcolatino.com\/"},{"@type":"ListItem","position":2,"name":"Registro Expo Pack M\u00e9xico 2026"}]},{"@type":"WebSite","@id":"https:\/\/falcolatino.com\/#website","url":"https:\/\/falcolatino.com\/","name":"Falco Latinoamericana","description":"Excelencia industrial","publisher":{"@id":"https:\/\/falcolatino.com\/#organization"},"alternateName":"Falco","potentialAction":[{"@type":"SearchAction","target":{"@type":"EntryPoint","urlTemplate":"https:\/\/falcolatino.com\/?s={search_term_string}"},"query-input":{"@type":"PropertyValueSpecification","valueRequired":true,"valueName":"search_term_string"}}],"inLanguage":"en-US"},{"@type":"Organization","@id":"https:\/\/falcolatino.com\/#organization","name":"Falco Latinoamericana S.A de C.V.","alternateName":"Falco","url":"https:\/\/falcolatino.com\/","logo":{"@type":"ImageObject","inLanguage":"en-US","@id":"https:\/\/falcolatino.com\/#\/schema\/logo\/image\/","url":"https:\/\/falcolatino.com\/wp-content\/uploads\/2025\/07\/Logo-falco-scaled.png","contentUrl":"https:\/\/falcolatino.com\/wp-content\/uploads\/2025\/07\/Logo-falco-scaled.png","width":2560,"height":414,"caption":"Falco Latinoamericana S.A de C.V."},"image":{"@id":"https:\/\/falcolatino.com\/#\/schema\/logo\/image\/"},"sameAs":["https:\/\/mx.linkedin.com\/company\/falco-latinoamericana-sa-de-cv"]}]}},"_links":{"self":[{"href":"https:\/\/falcolatino.com\/en\/wp-json\/wp\/v2\/pages\/1926","targetHints":{"allow":["GET"]}}],"collection":[{"href":"https:\/\/falcolatino.com\/en\/wp-json\/wp\/v2\/pages"}],"about":[{"href":"https:\/\/falcolatino.com\/en\/wp-json\/wp\/v2\/types\/page"}],"author":[{"embeddable":true,"href":"https:\/\/falcolatino.com\/en\/wp-json\/wp\/v2\/users\/2"}],"replies":[{"embeddable":true,"href":"https:\/\/falcolatino.com\/en\/wp-json\/wp\/v2\/comments?post=1926"}],"version-history":[{"count":55,"href":"https:\/\/falcolatino.com\/en\/wp-json\/wp\/v2\/pages\/1926\/revisions"}],"predecessor-version":[{"id":2003,"href":"https:\/\/falcolatino.com\/en\/wp-json\/wp\/v2\/pages\/1926\/revisions\/2003"}],"wp:attachment":[{"href":"https:\/\/falcolatino.com\/en\/wp-json\/wp\/v2\/media?parent=1926"}],"curies":[{"name":"wp","href":"https:\/\/api.w.org\/{rel}","templated":true}]}}